{"id":2065,"date":"2025-10-17T15:25:08","date_gmt":"2025-10-17T15:25:08","guid":{"rendered":"https:\/\/www.makeyourwish.it\/contacts\/"},"modified":"2026-03-27T14:03:37","modified_gmt":"2026-03-27T14:03:37","slug":"contacts","status":"publish","type":"page","link":"https:\/\/www.makeyourwish.it\/fr\/contacts\/","title":{"rendered":"Contacts"},"content":{"rendered":"\t\t<div data-elementor-type=\"wp-page\" data-elementor-id=\"2065\" class=\"elementor elementor-2065 elementor-387\" data-elementor-post-type=\"page\">\n\t\t\t\t<div class=\"elementor-element elementor-element-434b7c3 e-con-full e-flex e-con e-parent\" data-id=\"434b7c3\" data-element_type=\"container\" data-e-type=\"container\">\n\t\t<div class=\"elementor-element elementor-element-4f611f4 e-con-full e-flex e-con e-child\" data-id=\"4f611f4\" data-element_type=\"container\" data-e-type=\"container\">\n\t\t\t\t<div class=\"elementor-element elementor-element-a4112f5 elementor-widget elementor-widget-heading\" data-id=\"a4112f5\" data-element_type=\"widget\" data-e-type=\"widget\" data-widget_type=\"heading.default\">\n\t\t\t\t\t<h1 class=\"elementor-heading-title elementor-size-default\">Contactez-nous<\/h1>\t\t\t\t<\/div>\n\t\t\t\t<div class=\"elementor-element elementor-element-9b8d88b elementor-icon-list--layout-traditional elementor-list-item-link-full_width elementor-widget elementor-widget-icon-list\" data-id=\"9b8d88b\" data-element_type=\"widget\" data-e-type=\"widget\" data-widget_type=\"icon-list.default\">\n\t\t\t\t\t\t\t<ul class=\"elementor-icon-list-items\">\n\t\t\t\t\t\t\t<li class=\"elementor-icon-list-item\">\n\t\t\t\t\t\t\t\t\t\t\t<a href=\"tel:+3904441276107\">\n\n\t\t\t\t\t\t\t\t\t\t\t\t<span class=\"elementor-icon-list-icon\">\n\t\t\t\t\t\t\t<svg aria-hidden=\"true\" class=\"e-font-icon-svg e-fas-phone-alt\" viewBox=\"0 0 512 512\" xmlns=\"http:\/\/www.w3.org\/2000\/svg\"><path d=\"M497.39 361.8l-112-48a24 24 0 0 0-28 6.9l-49.6 60.6A370.66 370.66 0 0 1 130.6 204.11l60.6-49.6a23.94 23.94 0 0 0 6.9-28l-48-112A24.16 24.16 0 0 0 122.6.61l-104 24A24 24 0 0 0 0 48c0 256.5 207.9 464 464 464a24 24 0 0 0 23.4-18.6l24-104a24.29 24.29 0 0 0-14.01-27.6z\"><\/path><\/svg>\t\t\t\t\t\t<\/span>\n\t\t\t\t\t\t\t\t\t\t<span class=\"elementor-icon-list-text\">+39 0444 1276107<\/span>\n\t\t\t\t\t\t\t\t\t\t\t<\/a>\n\t\t\t\t\t\t\t\t\t<\/li>\n\t\t\t\t\t\t\t\t<li class=\"elementor-icon-list-item\">\n\t\t\t\t\t\t\t\t\t\t\t<a href=\"mailto:info@makeyourwish.it\">\n\n\t\t\t\t\t\t\t\t\t\t\t\t<span class=\"elementor-icon-list-icon\">\n\t\t\t\t\t\t\t<svg aria-hidden=\"true\" class=\"e-font-icon-svg e-fas-envelope\" viewBox=\"0 0 512 512\" xmlns=\"http:\/\/www.w3.org\/2000\/svg\"><path d=\"M502.3 190.8c3.9-3.1 9.7-.2 9.7 4.7V400c0 26.5-21.5 48-48 48H48c-26.5 0-48-21.5-48-48V195.6c0-5 5.7-7.8 9.7-4.7 22.4 17.4 52.1 39.5 154.1 113.6 21.1 15.4 56.7 47.8 92.2 47.6 35.7.3 72-32.8 92.3-47.6 102-74.1 131.6-96.3 154-113.7zM256 320c23.2.4 56.6-29.2 73.4-41.4 132.7-96.3 142.8-104.7 173.4-128.7 5.8-4.5 9.2-11.5 9.2-18.9v-19c0-26.5-21.5-48-48-48H48C21.5 64 0 85.5 0 112v19c0 7.4 3.4 14.3 9.2 18.9 30.6 23.9 40.7 32.4 173.4 128.7 16.8 12.2 50.2 41.8 73.4 41.4z\"><\/path><\/svg>\t\t\t\t\t\t<\/span>\n\t\t\t\t\t\t\t\t\t\t<span class=\"elementor-icon-list-text\">info@gruppotonello.eu<\/span>\n\t\t\t\t\t\t\t\t\t\t\t<\/a>\n\t\t\t\t\t\t\t\t\t<\/li>\n\t\t\t\t\t\t<\/ul>\n\t\t\t\t\t\t<\/div>\n\t\t\t\t<div class=\"elementor-element elementor-element-2e844b1 elementor-widget elementor-widget-text-editor\" data-id=\"2e844b1\" data-element_type=\"widget\" data-e-type=\"widget\" data-widget_type=\"text-editor.default\">\n\t\t\t\t\t\t\t\t\t<p>Si\u00e8ges principaux<\/p>\t\t\t\t\t\t\t\t<\/div>\n\t\t\t\t<div class=\"elementor-element elementor-element-9ec51c4 elementor-icon-list--layout-traditional elementor-list-item-link-full_width elementor-widget elementor-widget-icon-list\" data-id=\"9ec51c4\" data-element_type=\"widget\" data-e-type=\"widget\" data-widget_type=\"icon-list.default\">\n\t\t\t\t\t\t\t<ul class=\"elementor-icon-list-items\">\n\t\t\t\t\t\t\t<li class=\"elementor-icon-list-item\">\n\t\t\t\t\t\t\t\t\t\t<span class=\"elementor-icon-list-text\">Viale San Lazzaro, 96 \u2013 36100 Vicenza (VI)<\/span>\n\t\t\t\t\t\t\t\t\t<\/li>\n\t\t\t\t\t\t\t\t<li class=\"elementor-icon-list-item\">\n\t\t\t\t\t\t\t\t\t\t<span class=\"elementor-icon-list-text\">Viale San Michele del Carso, 1 \u2013 20144 Milano (MI)<\/span>\n\t\t\t\t\t\t\t\t\t<\/li>\n\t\t\t\t\t\t<\/ul>\n\t\t\t\t\t\t<\/div>\n\t\t\t\t<div class=\"elementor-element elementor-element-5f958cc elementor-widget elementor-widget-text-editor\" data-id=\"5f958cc\" data-element_type=\"widget\" data-e-type=\"widget\" data-widget_type=\"text-editor.default\">\n\t\t\t\t\t\t\t\t\t<p>Bureaux secondaires<\/p>\t\t\t\t\t\t\t\t<\/div>\n\t\t\t\t<div class=\"elementor-element elementor-element-c5097ee elementor-icon-list--layout-traditional elementor-list-item-link-full_width elementor-widget elementor-widget-icon-list\" data-id=\"c5097ee\" data-element_type=\"widget\" data-e-type=\"widget\" data-widget_type=\"icon-list.default\">\n\t\t\t\t\t\t\t<ul class=\"elementor-icon-list-items\">\n\t\t\t\t\t\t\t<li class=\"elementor-icon-list-item\">\n\t\t\t\t\t\t\t\t\t\t<span class=\"elementor-icon-list-text\">Venise<\/span>\n\t\t\t\t\t\t\t\t\t<\/li>\n\t\t\t\t\t\t\t\t<li class=\"elementor-icon-list-item\">\n\t\t\t\t\t\t\t\t\t\t<span class=\"elementor-icon-list-text\">La Spezia<\/span>\n\t\t\t\t\t\t\t\t\t<\/li>\n\t\t\t\t\t\t<\/ul>\n\t\t\t\t\t\t<\/div>\n\t\t\t\t<\/div>\n\t\t<div class=\"elementor-element elementor-element-e09c861 e-con-full e-flex e-con e-child\" data-id=\"e09c861\" data-element_type=\"container\" data-e-type=\"container\">\n\t\t\t\t<div class=\"elementor-element elementor-element-2ab13a2 elementor-button-align-stretch elementor-widget elementor-widget-form\" data-id=\"2ab13a2\" data-element_type=\"widget\" data-e-type=\"widget\" data-settings=\"{&quot;step_next_label&quot;:&quot;Suivant&quot;,&quot;step_previous_label&quot;:&quot;Pr\\u00e9c\\u00e9dent&quot;,&quot;button_width&quot;:&quot;100&quot;,&quot;step_type&quot;:&quot;number_text&quot;,&quot;step_icon_shape&quot;:&quot;circle&quot;}\" data-widget_type=\"form.default\">\n\t\t\t\t\t\t\t<form class=\"elementor-form\" method=\"post\" name=\"Formulaire de contact\" aria-label=\"Formulaire de contact\">\n\t\t\t<input type=\"hidden\" name=\"post_id\" value=\"2065\"\/>\n\t\t\t<input type=\"hidden\" name=\"form_id\" value=\"2ab13a2\"\/>\n\t\t\t<input type=\"hidden\" name=\"referer_title\" value=\"Contactez-nous | Agence d&#039;Organisation d&#039;\u00c9v\u00e9nements \u2013 Make Your Wish\" \/>\n\n\t\t\t\t\t\t\t<input type=\"hidden\" name=\"queried_id\" value=\"2065\"\/>\n\t\t\t\n\t\t\t<div class=\"elementor-form-fields-wrapper elementor-labels-above\">\n\t\t\t\t\t\t\t\t<div class=\"elementor-field-type-text elementor-field-group elementor-column elementor-field-group-nome elementor-col-50 elementor-field-required elementor-mark-required\">\n\t\t\t\t\t\t\t\t\t\t\t\t<label for=\"form-field-nome\" class=\"elementor-field-label\">\n\t\t\t\t\t\t\t\tNom\t\t\t\t\t\t\t<\/label>\n\t\t\t\t\t\t\t\t\t\t\t\t\t\t<input size=\"1\" type=\"text\" name=\"form_fields[nome]\" id=\"form-field-nome\" class=\"elementor-field elementor-size-sm  elementor-field-textual\" required=\"required\">\n\t\t\t\t\t\t\t\t\t\t\t<\/div>\n\t\t\t\t\t\t\t\t<div class=\"elementor-field-type-text elementor-field-group elementor-column elementor-field-group-cognome elementor-col-50 elementor-field-required elementor-mark-required\">\n\t\t\t\t\t\t\t\t\t\t\t\t<label for=\"form-field-cognome\" class=\"elementor-field-label\">\n\t\t\t\t\t\t\t\tPr\u00e9nom\t\t\t\t\t\t\t<\/label>\n\t\t\t\t\t\t\t\t\t\t\t\t\t\t<input size=\"1\" type=\"text\" name=\"form_fields[cognome]\" id=\"form-field-cognome\" class=\"elementor-field elementor-size-sm  elementor-field-textual\" required=\"required\">\n\t\t\t\t\t\t\t\t\t\t\t<\/div>\n\t\t\t\t\t\t\t\t<div class=\"elementor-field-type-email elementor-field-group elementor-column elementor-field-group-email elementor-col-50 elementor-field-required elementor-mark-required\">\n\t\t\t\t\t\t\t\t\t\t\t\t<label for=\"form-field-email\" class=\"elementor-field-label\">\n\t\t\t\t\t\t\t\tE-mail\t\t\t\t\t\t\t<\/label>\n\t\t\t\t\t\t\t\t\t\t\t\t\t\t<input size=\"1\" type=\"email\" name=\"form_fields[email]\" id=\"form-field-email\" class=\"elementor-field elementor-size-sm  elementor-field-textual\" required=\"required\">\n\t\t\t\t\t\t\t\t\t\t\t<\/div>\n\t\t\t\t\t\t\t\t<div class=\"elementor-field-type-tel elementor-field-group elementor-column elementor-field-group-telefono elementor-col-50 elementor-field-required elementor-mark-required\">\n\t\t\t\t\t\t\t\t\t\t\t\t<label for=\"form-field-telefono\" class=\"elementor-field-label\">\n\t\t\t\t\t\t\t\tT\u00e9l\u00e9phone\t\t\t\t\t\t\t<\/label>\n\t\t\t\t\t\t\t\t<input size=\"1\" type=\"tel\" name=\"form_fields[telefono]\" id=\"form-field-telefono\" class=\"elementor-field elementor-size-sm  elementor-field-textual\" required=\"required\" pattern=\"[0-9()#&amp;+*-=.]+\" title=\"Seuls les caract\u00e8res de num\u00e9ros de t\u00e9l\u00e9phone (#, -, *, etc.) sont accept\u00e9s.\">\n\n\t\t\t\t\t\t<\/div>\n\t\t\t\t\t\t\t\t<div class=\"elementor-field-type-textarea elementor-field-group elementor-column elementor-field-group-messaggio elementor-col-100 elementor-field-required elementor-mark-required\">\n\t\t\t\t\t\t\t\t\t\t\t\t<label for=\"form-field-messaggio\" class=\"elementor-field-label\">\n\t\t\t\t\t\t\t\tMessage\t\t\t\t\t\t\t<\/label>\n\t\t\t\t\t\t<textarea class=\"elementor-field-textual elementor-field  elementor-size-sm\" name=\"form_fields[messaggio]\" id=\"form-field-messaggio\" rows=\"4\" required=\"required\"><\/textarea>\t\t\t\t<\/div>\n\t\t\t\t\t\t\t\t<div class=\"elementor-field-type-acceptance elementor-field-group elementor-column elementor-field-group-field_663f499 elementor-col-100 elementor-field-required elementor-mark-required\">\n\t\t\t\t\t\t\t<div class=\"elementor-field-subgroup\">\n\t\t\t<span class=\"elementor-field-option\">\n\t\t\t\t<input type=\"checkbox\" name=\"form_fields[field_663f499]\" id=\"form-field-field_663f499\" class=\"elementor-field elementor-size-sm  elementor-acceptance-field\" required=\"required\">\n\t\t\t\t<label for=\"form-field-field_663f499\">J'ai lu et j'accepte les modalit\u00e9s de traitement des donn\u00e9es d\u00e9crites dans notre politique de confidentialit\u00e9<\/label>\t\t\t<\/span>\n\t\t<\/div>\n\t\t\t\t\t\t<\/div>\n\t\t\t\t\t\t\t\t<div class=\"elementor-field-type-recaptcha_v3 elementor-field-group elementor-column elementor-field-group-field_0551278 elementor-col-100 recaptcha_v3-bottomright\">\n\t\t\t\t\t<div class=\"elementor-field\" id=\"form-field-field_0551278\"><div class=\"elementor-g-recaptcha\" data-sitekey=\"6LeAC-ArAAAAAAjFevnoGmz_hG5AnqRwMf9Lxn2d\" data-type=\"v3\" data-action=\"Form\" data-badge=\"bottomright\" data-size=\"invisible\"><\/div><\/div>\t\t\t\t<\/div>\n\t\t\t\t\t\t\t\t<div class=\"elementor-field-group elementor-column elementor-field-type-submit elementor-col-100 e-form__buttons\">\n\t\t\t\t\t<button class=\"elementor-button elementor-size-sm\" type=\"submit\">\n\t\t\t\t\t\t<span class=\"elementor-button-content-wrapper\">\n\t\t\t\t\t\t\t\t\t\t\t\t\t\t\t\t\t\t\t\t\t\t<span class=\"elementor-button-text\">Contactez-nous maintenant<\/span>\n\t\t\t\t\t\t\t\t\t\t\t\t\t<\/span>\n\t\t\t\t\t<\/button>\n\t\t\t\t<\/div>\n\t\t\t<\/div>\n\t\t<\/form>\n\t\t\t\t\t\t<\/div>\n\t\t\t\t<\/div>\n\t\t\t\t<\/div>\n\t\t<div class=\"elementor-element elementor-element-3601390 e-con-full e-flex e-con e-parent\" data-id=\"3601390\" data-element_type=\"container\" data-e-type=\"container\">\n\t\t\t\t<div class=\"elementor-element elementor-element-b54d092 elementor-widget elementor-widget-google_maps\" data-id=\"b54d092\" data-element_type=\"widget\" data-e-type=\"widget\" data-widget_type=\"google_maps.default\">\n\t\t\t\t\t\t\t<div class=\"elementor-custom-embed\">\n\t\t\t<iframe loading=\"lazy\"\n\t\t\t\t\tsrc=\"https:\/\/maps.google.com\/maps?q=Viale%20San%20Lazzaro%2C%2096%20%E2%80%93%2036100%20Vicenza%20%28VI%29&#038;t=m&#038;z=10&#038;output=embed&#038;iwloc=near\"\n\t\t\t\t\ttitle=\"Viale San Lazzaro, 96 \u2013 36100 Vicenza (VI)\"\n\t\t\t\t\taria-label=\"Viale San Lazzaro, 96 \u2013 36100 Vicenza (VI)\"\n\t\t\t><\/iframe>\n\t\t<\/div>\n\t\t\t\t\t\t<\/div>\n\t\t\t\t<\/div>\n\t\t\t\t<\/div>\n\t\t","protected":false},"excerpt":{"rendered":"<p>Contactez-nous +39 0444 1276107 info@gruppotonello.eu Si\u00e8ges principaux Viale San Lazzaro, 96 \u2013 36100 Vicenza (VI) Viale San Michele del Carso, 1 \u2013 20144 Milano (MI) Bureaux secondaires Venise La Spezia<\/p>\n","protected":false},"author":1,"featured_media":0,"parent":0,"menu_order":0,"comment_status":"closed","ping_status":"closed","template":"","meta":{"_acf_changed":false,"inline_featured_image":false,"footnotes":""},"class_list":["post-2065","page","type-page","status-publish","hentry"],"acf":[],"yoast_head":"<!-- This site is optimized with the Yoast SEO plugin v27.4 - https:\/\/yoast.com\/product\/yoast-seo-wordpress\/ -->\n<title>Contactez-nous | Agence d&#039;Organisation d&#039;\u00c9v\u00e9nements \u2013 Make Your Wish<\/title>\n<meta name=\"description\" content=\"Make Your Wish : bureaux \u00e0 Vicenza, Milan, Venise et La Spezia. Support pour \u00e9v\u00e9nements d&#039;entreprise, priv\u00e9s et formation.\" \/>\n<meta name=\"robots\" content=\"index, follow, max-snippet:-1, max-image-preview:large, max-video-preview:-1\" \/>\n<link rel=\"canonical\" href=\"https:\/\/www.makeyourwish.it\/fr\/contacts\/\" \/>\n<meta property=\"og:locale\" content=\"fr_FR\" \/>\n<meta property=\"og:type\" content=\"article\" \/>\n<meta property=\"og:title\" content=\"Contactez-nous | Agence d&#039;Organisation d&#039;\u00c9v\u00e9nements \u2013 Make Your Wish\" \/>\n<meta property=\"og:description\" content=\"Make Your Wish : bureaux \u00e0 Vicenza, Milan, Venise et La Spezia. Support pour \u00e9v\u00e9nements d&#039;entreprise, priv\u00e9s et formation.\" \/>\n<meta property=\"og:url\" content=\"https:\/\/www.makeyourwish.it\/fr\/contacts\/\" \/>\n<meta property=\"og:site_name\" content=\"Make your Wish\" \/>\n<meta property=\"article:publisher\" content=\"https:\/\/www.facebook.com\/makeyourwish.creiamoeventi#\" \/>\n<meta property=\"article:modified_time\" content=\"2026-03-27T14:03:37+00:00\" \/>\n<meta name=\"twitter:card\" content=\"summary_large_image\" \/>\n<script type=\"application\/ld+json\" class=\"yoast-schema-graph\">{\"@context\":\"https:\\\/\\\/schema.org\",\"@graph\":[{\"@type\":\"WebPage\",\"@id\":\"https:\\\/\\\/www.makeyourwish.it\\\/fr\\\/contacts\\\/\",\"url\":\"https:\\\/\\\/www.makeyourwish.it\\\/fr\\\/contacts\\\/\",\"name\":\"Contactez-nous | Agence d'Organisation d'\u00c9v\u00e9nements \u2013 Make Your Wish\",\"isPartOf\":{\"@id\":\"https:\\\/\\\/www.makeyourwish.it\\\/fr\\\/#website\"},\"datePublished\":\"2025-10-17T15:25:08+00:00\",\"dateModified\":\"2026-03-27T14:03:37+00:00\",\"description\":\"Make Your Wish : bureaux \u00e0 Vicenza, Milan, Venise et La Spezia. Support pour \u00e9v\u00e9nements d'entreprise, priv\u00e9s et formation.\",\"breadcrumb\":{\"@id\":\"https:\\\/\\\/www.makeyourwish.it\\\/fr\\\/contacts\\\/#breadcrumb\"},\"inLanguage\":\"fr-FR\",\"potentialAction\":[{\"@type\":\"ReadAction\",\"target\":[\"https:\\\/\\\/www.makeyourwish.it\\\/fr\\\/contacts\\\/\"]}]},{\"@type\":\"BreadcrumbList\",\"@id\":\"https:\\\/\\\/www.makeyourwish.it\\\/fr\\\/contacts\\\/#breadcrumb\",\"itemListElement\":[{\"@type\":\"ListItem\",\"position\":1,\"name\":\"Home\",\"item\":\"https:\\\/\\\/www.makeyourwish.it\\\/fr\\\/accueil\\\/\"},{\"@type\":\"ListItem\",\"position\":2,\"name\":\"Contacts\"}]},{\"@type\":\"WebSite\",\"@id\":\"https:\\\/\\\/www.makeyourwish.it\\\/fr\\\/#website\",\"url\":\"https:\\\/\\\/www.makeyourwish.it\\\/fr\\\/\",\"name\":\"Make your Wish\",\"description\":\"Agenzia Eventi Corporate in Italia: creiamo esperienze su misura\",\"publisher\":{\"@id\":\"https:\\\/\\\/www.makeyourwish.it\\\/fr\\\/#organization\"},\"potentialAction\":[{\"@type\":\"SearchAction\",\"target\":{\"@type\":\"EntryPoint\",\"urlTemplate\":\"https:\\\/\\\/www.makeyourwish.it\\\/fr\\\/?s={search_term_string}\"},\"query-input\":{\"@type\":\"PropertyValueSpecification\",\"valueRequired\":true,\"valueName\":\"search_term_string\"}}],\"inLanguage\":\"fr-FR\"},{\"@type\":\"Organization\",\"@id\":\"https:\\\/\\\/www.makeyourwish.it\\\/fr\\\/#organization\",\"name\":\"Make your Wish\",\"url\":\"https:\\\/\\\/www.makeyourwish.it\\\/fr\\\/\",\"logo\":{\"@type\":\"ImageObject\",\"inLanguage\":\"fr-FR\",\"@id\":\"https:\\\/\\\/www.makeyourwish.it\\\/fr\\\/#\\\/schema\\\/logo\\\/image\\\/\",\"url\":\"https:\\\/\\\/www.makeyourwish.it\\\/wp-content\\\/uploads\\\/2025\\\/11\\\/GRUPPO-TONELLO-LOGO_MYW-colori-scaled.png\",\"contentUrl\":\"https:\\\/\\\/www.makeyourwish.it\\\/wp-content\\\/uploads\\\/2025\\\/11\\\/GRUPPO-TONELLO-LOGO_MYW-colori-scaled.png\",\"width\":2560,\"height\":776,\"caption\":\"Make your Wish\"},\"image\":{\"@id\":\"https:\\\/\\\/www.makeyourwish.it\\\/fr\\\/#\\\/schema\\\/logo\\\/image\\\/\"},\"sameAs\":[\"https:\\\/\\\/www.facebook.com\\\/makeyourwish.creiamoeventi#\",\"https:\\\/\\\/www.instagram.com\\\/makeyourwish_creiamoeventi\\\/\",\"https:\\\/\\\/www.youtube.com\\\/channel\\\/UCeSEcVGM5bZ2RiGfPEZuIfg\",\"https:\\\/\\\/www.linkedin.com\\\/company\\\/makeyourwish\\\/\"]}]}<\/script>\n<!-- \/ Yoast SEO plugin. -->","yoast_head_json":{"title":"Contactez-nous | Agence d'Organisation d'\u00c9v\u00e9nements \u2013 Make Your Wish","description":"Make Your Wish : bureaux \u00e0 Vicenza, Milan, Venise et La Spezia. Support pour \u00e9v\u00e9nements d'entreprise, priv\u00e9s et formation.","robots":{"index":"index","follow":"follow","max-snippet":"max-snippet:-1","max-image-preview":"max-image-preview:large","max-video-preview":"max-video-preview:-1"},"canonical":"https:\/\/www.makeyourwish.it\/fr\/contacts\/","og_locale":"fr_FR","og_type":"article","og_title":"Contactez-nous | Agence d'Organisation d'\u00c9v\u00e9nements \u2013 Make Your Wish","og_description":"Make Your Wish : bureaux \u00e0 Vicenza, Milan, Venise et La Spezia. Support pour \u00e9v\u00e9nements d'entreprise, priv\u00e9s et formation.","og_url":"https:\/\/www.makeyourwish.it\/fr\/contacts\/","og_site_name":"Make your Wish","article_publisher":"https:\/\/www.facebook.com\/makeyourwish.creiamoeventi#","article_modified_time":"2026-03-27T14:03:37+00:00","twitter_card":"summary_large_image","schema":{"@context":"https:\/\/schema.org","@graph":[{"@type":"WebPage","@id":"https:\/\/www.makeyourwish.it\/fr\/contacts\/","url":"https:\/\/www.makeyourwish.it\/fr\/contacts\/","name":"Contactez-nous | Agence d'Organisation d'\u00c9v\u00e9nements \u2013 Make Your Wish","isPartOf":{"@id":"https:\/\/www.makeyourwish.it\/fr\/#website"},"datePublished":"2025-10-17T15:25:08+00:00","dateModified":"2026-03-27T14:03:37+00:00","description":"Make Your Wish : bureaux \u00e0 Vicenza, Milan, Venise et La Spezia. Support pour \u00e9v\u00e9nements d'entreprise, priv\u00e9s et formation.","breadcrumb":{"@id":"https:\/\/www.makeyourwish.it\/fr\/contacts\/#breadcrumb"},"inLanguage":"fr-FR","potentialAction":[{"@type":"ReadAction","target":["https:\/\/www.makeyourwish.it\/fr\/contacts\/"]}]},{"@type":"BreadcrumbList","@id":"https:\/\/www.makeyourwish.it\/fr\/contacts\/#breadcrumb","itemListElement":[{"@type":"ListItem","position":1,"name":"Home","item":"https:\/\/www.makeyourwish.it\/fr\/accueil\/"},{"@type":"ListItem","position":2,"name":"Contacts"}]},{"@type":"WebSite","@id":"https:\/\/www.makeyourwish.it\/fr\/#website","url":"https:\/\/www.makeyourwish.it\/fr\/","name":"Make your Wish","description":"Agenzia Eventi Corporate in Italia: creiamo esperienze su misura","publisher":{"@id":"https:\/\/www.makeyourwish.it\/fr\/#organization"},"potentialAction":[{"@type":"SearchAction","target":{"@type":"EntryPoint","urlTemplate":"https:\/\/www.makeyourwish.it\/fr\/?s={search_term_string}"},"query-input":{"@type":"PropertyValueSpecification","valueRequired":true,"valueName":"search_term_string"}}],"inLanguage":"fr-FR"},{"@type":"Organization","@id":"https:\/\/www.makeyourwish.it\/fr\/#organization","name":"Make your Wish","url":"https:\/\/www.makeyourwish.it\/fr\/","logo":{"@type":"ImageObject","inLanguage":"fr-FR","@id":"https:\/\/www.makeyourwish.it\/fr\/#\/schema\/logo\/image\/","url":"https:\/\/www.makeyourwish.it\/wp-content\/uploads\/2025\/11\/GRUPPO-TONELLO-LOGO_MYW-colori-scaled.png","contentUrl":"https:\/\/www.makeyourwish.it\/wp-content\/uploads\/2025\/11\/GRUPPO-TONELLO-LOGO_MYW-colori-scaled.png","width":2560,"height":776,"caption":"Make your Wish"},"image":{"@id":"https:\/\/www.makeyourwish.it\/fr\/#\/schema\/logo\/image\/"},"sameAs":["https:\/\/www.facebook.com\/makeyourwish.creiamoeventi#","https:\/\/www.instagram.com\/makeyourwish_creiamoeventi\/","https:\/\/www.youtube.com\/channel\/UCeSEcVGM5bZ2RiGfPEZuIfg","https:\/\/www.linkedin.com\/company\/makeyourwish\/"]}]}},"_links":{"self":[{"href":"https:\/\/www.makeyourwish.it\/fr\/wp-json\/wp\/v2\/pages\/2065","targetHints":{"allow":["GET"]}}],"collection":[{"href":"https:\/\/www.makeyourwish.it\/fr\/wp-json\/wp\/v2\/pages"}],"about":[{"href":"https:\/\/www.makeyourwish.it\/fr\/wp-json\/wp\/v2\/types\/page"}],"author":[{"embeddable":true,"href":"https:\/\/www.makeyourwish.it\/fr\/wp-json\/wp\/v2\/users\/1"}],"replies":[{"embeddable":true,"href":"https:\/\/www.makeyourwish.it\/fr\/wp-json\/wp\/v2\/comments?post=2065"}],"version-history":[{"count":2,"href":"https:\/\/www.makeyourwish.it\/fr\/wp-json\/wp\/v2\/pages\/2065\/revisions"}],"predecessor-version":[{"id":4231,"href":"https:\/\/www.makeyourwish.it\/fr\/wp-json\/wp\/v2\/pages\/2065\/revisions\/4231"}],"wp:attachment":[{"href":"https:\/\/www.makeyourwish.it\/fr\/wp-json\/wp\/v2\/media?parent=2065"}],"curies":[{"name":"wp","href":"https:\/\/api.w.org\/{rel}","templated":true}]}}